{"id":172,"date":"2026-02-27T15:41:50","date_gmt":"2026-02-27T14:41:50","guid":{"rendered":"https:\/\/trajectoires2030.setec.com\/?page_id=172"},"modified":"2026-03-03T17:32:35","modified_gmt":"2026-03-03T16:32:35","slug":"legal-information","status":"publish","type":"page","link":"https:\/\/trajectoires2030.setec.com\/en\/mentions-legales\/","title":{"rendered":"Legal information"},"content":{"rendered":"<section class=\"wp-block-setec-main-content\">\n    <div class=\"main-content-inner has-padding-left has-padding-right\">\n        \n\n<h2 class=\"wp-block-heading\">LEGAL INFORMATION<\/h2>\n\n\n\n<h3 class=\"wp-block-heading\">General site information<\/h3>\n\n\n\n<p>This website is the property of&nbsp;<strong>setec consultants<\/strong>, Soci\u00e9t\u00e9 par Actions Simplifi\u00e9e with a capital of 10,000,000 Euros, registered in the Paris Trade and Companies Register under number 412 736 639, having its registered office at 42\/52 quai de la Rap\u00e9e 75583 PARIS CEDEX 12, represented by its Chairman, Mr Michel Kahan. VAT NUMBER: FR 79 412 736 639. E-mail :&nbsp;<a>setec@setec.fr<\/a>&nbsp;; Tel: + 33 (0)1 82 51 68 00<br>Director of publication: Caroline Day-Califet<br><br>Host: OHV Soci\u00e9t\u00e9 par Actions Simplifi\u00e9e with capital of \u20ac10,069,020, whose registered office is at 2 rue Kellermann - 59100 Roubaix - France, registered with the Lille Trade and Companies Register under number 424 761 419.<br><br>Website development by: setec<br><br><a href=\"https:\/\/www.setec.fr\/LeMag\/Modern%20Slavery%20Statement%202023%20FR.pdf\"><strong>Policy on modern slavery and human trafficking<\/strong><\/a><\/p>\n\n\n\n<h3 class=\"wp-block-heading\">Intellectual property and site content<\/h3>\n\n\n\n<p><strong>setec consultants<\/strong>&nbsp;provides no guarantee as to the accuracy of the information available on this site. All elements and\/or information made available on this site are provided for general information purposes only and may under no circumstances be interpreted as being used for any transaction whatsoever.<br><br><strong>setec consultants<\/strong>&nbsp;is the holder of intellectual property rights. The reproduction and use of all documents, information and elements disseminated on this site are prohibited, except for strictly private and personal purposes and provided that the source is acknowledged.<br><br>The use of the information and\/or elements contained on this site is the sole responsibility of the user.&nbsp;<strong>setec consultants&nbsp;<\/strong>declines all responsibility for any damage of any kind, direct or indirect, and without limitation, due to access or the impossibility of access to the site and to the use of the elements and\/or information contained on the site.<br><br>This site may be modified and\/or changed at any time without prior notice.&nbsp;<strong>setec consultants&nbsp;<\/strong>does not in any way guarantee uninterrupted access to this site, or the security of online browsing by Internet users visiting the site.<\/p>\n\n\n\n<h3 class=\"wp-block-heading\">Personal data<\/h3>\n\n\n\n<p><strong>setec consultants<\/strong>, identified above, is responsible for the processing of personal data collected on the www.setec.fr website (hereinafter the \u00abSite\u00bb), via (i) the contact form (ii) the newsletter subscription (iii) the unsolicited application page. This processing relates to the management of customers and prospective customers of<strong>&nbsp;setec consultants<\/strong>, or the management of staff recruitment. Details of processing are given on the pages of the aforementioned forms. The data collected via the Site is intended for&nbsp;<strong>setec consultants<\/strong>.<\/p>\n\n\n\n<p>You have the right to access, rectify or delete your personal data and, where applicable, the right to portability of your data. You may request the restriction of processing, object to the processing of your data, or withdraw your consent where appropriate. You may also define instructions concerning the fate of your data after your death. To exercise these rights, please send an e-mail to :&nbsp;<a href=\"mailto:data.protection@setec.fr\">data.protection@setec.fr<\/a>. You have the right to lodge a complaint with a&nbsp;<a href=\"https:\/\/www.cnil.fr\/\">supervisory authority<\/a>.<\/p>\n\n\n\n<p><strong>setec consultants<\/strong>&nbsp;provides no guarantee as to the accuracy of the information available on this site. All elements and\/or information made available on this site are provided for general information purposes only and may under no circumstances be interpreted as being used for any transaction whatsoever.<\/p>\n\n    <\/div>\n<\/section>","protected":false},"excerpt":{"rendered":"","protected":false},"author":4,"featured_media":0,"parent":0,"menu_order":0,"comment_status":"closed","ping_status":"closed","template":"","meta":{"footnotes":""},"class_list":["post-172","page","type-page","status-publish","hentry"],"yoast_head":"<!-- This site is optimized with the Yoast SEO plugin v27.5 - https:\/\/yoast.com\/product\/yoast-seo-wordpress\/ -->\n<title>Mentions l\u00e9gales - Trajectoires 2030<\/title>\n<meta name=\"robots\" content=\"index, follow, max-snippet:-1, max-image-preview:large, max-video-preview:-1\" \/>\n<link rel=\"canonical\" href=\"https:\/\/trajectoires2030.setec.com\/en\/legal-information\/\" \/>\n<meta property=\"og:locale\" content=\"en_GB\" \/>\n<meta property=\"og:type\" content=\"article\" \/>\n<meta property=\"og:title\" content=\"Mentions l\u00e9gales - Trajectoires 2030\" \/>\n<meta property=\"og:url\" content=\"https:\/\/trajectoires2030.setec.com\/en\/legal-information\/\" \/>\n<meta property=\"og:site_name\" content=\"Trajectoires 2030\" \/>\n<meta property=\"article:publisher\" content=\"https:\/\/www.facebook.com\/setecgroupe\/?locale=fr_FR\" \/>\n<meta property=\"article:modified_time\" content=\"2026-03-03T16:32:35+00:00\" \/>\n<meta property=\"og:image\" content=\"https:\/\/trajectoires2030.setec.com\/wp-content\/uploads\/2026\/02\/COUV_FR.webp\" \/>\n\t<meta property=\"og:image:width\" content=\"1800\" \/>\n\t<meta property=\"og:image:height\" content=\"1223\" \/>\n\t<meta property=\"og:image:type\" content=\"image\/webp\" \/>\n<meta name=\"twitter:card\" content=\"summary_large_image\" \/>\n<meta name=\"twitter:label1\" content=\"Dur\u00e9e de lecture estim\u00e9e\" \/>\n\t<meta name=\"twitter:data1\" content=\"3 minutes\" \/>\n<script type=\"application\/ld+json\" class=\"yoast-schema-graph\">{\"@context\":\"https:\\\/\\\/schema.org\",\"@graph\":[{\"@type\":\"WebPage\",\"@id\":\"https:\\\/\\\/trajectoires2030.setec.com\\\/mentions-legales\\\/\",\"url\":\"https:\\\/\\\/trajectoires2030.setec.com\\\/mentions-legales\\\/\",\"name\":\"Mentions l\u00e9gales - Trajectoires 2030\",\"isPartOf\":{\"@id\":\"https:\\\/\\\/trajectoires2030.setec.com\\\/#website\"},\"datePublished\":\"2026-02-27T14:41:50+00:00\",\"dateModified\":\"2026-03-03T16:32:35+00:00\",\"breadcrumb\":{\"@id\":\"https:\\\/\\\/trajectoires2030.setec.com\\\/mentions-legales\\\/#breadcrumb\"},\"inLanguage\":\"fr-FR\",\"potentialAction\":[{\"@type\":\"ReadAction\",\"target\":[\"https:\\\/\\\/trajectoires2030.setec.com\\\/mentions-legales\\\/\"]}]},{\"@type\":\"BreadcrumbList\",\"@id\":\"https:\\\/\\\/trajectoires2030.setec.com\\\/mentions-legales\\\/#breadcrumb\",\"itemListElement\":[{\"@type\":\"ListItem\",\"position\":1,\"name\":\"Accueil\",\"item\":\"https:\\\/\\\/trajectoires2030.setec.com\\\/\"},{\"@type\":\"ListItem\",\"position\":2,\"name\":\"Mentions l\u00e9gales\"}]},{\"@type\":\"WebSite\",\"@id\":\"https:\\\/\\\/trajectoires2030.setec.com\\\/#website\",\"url\":\"https:\\\/\\\/trajectoires2030.setec.com\\\/\",\"name\":\"Trajectoires 2030\",\"description\":\"Les enjeux de notre vision pour setec en 2030\",\"publisher\":{\"@id\":\"https:\\\/\\\/trajectoires2030.setec.com\\\/#organization\"},\"potentialAction\":[{\"@type\":\"SearchAction\",\"target\":{\"@type\":\"EntryPoint\",\"urlTemplate\":\"https:\\\/\\\/trajectoires2030.setec.com\\\/?s={search_term_string}\"},\"query-input\":{\"@type\":\"PropertyValueSpecification\",\"valueRequired\":true,\"valueName\":\"search_term_string\"}}],\"inLanguage\":\"fr-FR\"},{\"@type\":\"Organization\",\"@id\":\"https:\\\/\\\/trajectoires2030.setec.com\\\/#organization\",\"name\":\"Setec\",\"url\":\"https:\\\/\\\/trajectoires2030.setec.com\\\/\",\"logo\":{\"@type\":\"ImageObject\",\"inLanguage\":\"fr-FR\",\"@id\":\"https:\\\/\\\/trajectoires2030.setec.com\\\/#\\\/schema\\\/logo\\\/image\\\/\",\"url\":\"https:\\\/\\\/trajectoires2030.setec.com\\\/wp-content\\\/uploads\\\/2026\\\/02\\\/cropped-logo.png\",\"contentUrl\":\"https:\\\/\\\/trajectoires2030.setec.com\\\/wp-content\\\/uploads\\\/2026\\\/02\\\/cropped-logo.png\",\"width\":512,\"height\":512,\"caption\":\"Setec\"},\"image\":{\"@id\":\"https:\\\/\\\/trajectoires2030.setec.com\\\/#\\\/schema\\\/logo\\\/image\\\/\"},\"sameAs\":[\"https:\\\/\\\/www.facebook.com\\\/setecgroupe\\\/?locale=fr_FR\",\"https:\\\/\\\/www.linkedin.com\\\/company\\\/setec\",\"https:\\\/\\\/www.instagram.com\\\/groupesetec\\\/\",\"https:\\\/\\\/www.youtube.com\\\/c\\\/Groupesetec\"]}]}<\/script>\n<!-- \/ Yoast SEO plugin. -->","yoast_head_json":{"title":"Legal information - Trajectoires 2030","robots":{"index":"index","follow":"follow","max-snippet":"max-snippet:-1","max-image-preview":"max-image-preview:large","max-video-preview":"max-video-preview:-1"},"canonical":"https:\/\/trajectoires2030.setec.com\/en\/legal-information\/","og_locale":"en_GB","og_type":"article","og_title":"Mentions l\u00e9gales - Trajectoires 2030","og_url":"https:\/\/trajectoires2030.setec.com\/en\/legal-information\/","og_site_name":"Trajectoires 2030","article_publisher":"https:\/\/www.facebook.com\/setecgroupe\/?locale=fr_FR","article_modified_time":"2026-03-03T16:32:35+00:00","og_image":[{"width":1800,"height":1223,"url":"https:\/\/trajectoires2030.setec.com\/wp-content\/uploads\/2026\/02\/COUV_FR.webp","type":"image\/webp"}],"twitter_card":"summary_large_image","twitter_misc":{"Dur\u00e9e de lecture estim\u00e9e":"3 minutes"},"schema":{"@context":"https:\/\/schema.org","@graph":[{"@type":"WebPage","@id":"https:\/\/trajectoires2030.setec.com\/mentions-legales\/","url":"https:\/\/trajectoires2030.setec.com\/mentions-legales\/","name":"Legal information - Trajectoires 2030","isPartOf":{"@id":"https:\/\/trajectoires2030.setec.com\/#website"},"datePublished":"2026-02-27T14:41:50+00:00","dateModified":"2026-03-03T16:32:35+00:00","breadcrumb":{"@id":"https:\/\/trajectoires2030.setec.com\/mentions-legales\/#breadcrumb"},"inLanguage":"fr-FR","potentialAction":[{"@type":"ReadAction","target":["https:\/\/trajectoires2030.setec.com\/mentions-legales\/"]}]},{"@type":"BreadcrumbList","@id":"https:\/\/trajectoires2030.setec.com\/mentions-legales\/#breadcrumb","itemListElement":[{"@type":"ListItem","position":1,"name":"Accueil","item":"https:\/\/trajectoires2030.setec.com\/"},{"@type":"ListItem","position":2,"name":"Mentions l\u00e9gales"}]},{"@type":"WebSite","@id":"https:\/\/trajectoires2030.setec.com\/#website","url":"https:\/\/trajectoires2030.setec.com\/","name":"Trajectories 2030","description":"The challenges of our vision for setec in 2030","publisher":{"@id":"https:\/\/trajectoires2030.setec.com\/#organization"},"potentialAction":[{"@type":"SearchAction","target":{"@type":"EntryPoint","urlTemplate":"https:\/\/trajectoires2030.setec.com\/?s={search_term_string}"},"query-input":{"@type":"PropertyValueSpecification","valueRequired":true,"valueName":"search_term_string"}}],"inLanguage":"fr-FR"},{"@type":"Organization","@id":"https:\/\/trajectoires2030.setec.com\/#organization","name":"Setec","url":"https:\/\/trajectoires2030.setec.com\/","logo":{"@type":"ImageObject","inLanguage":"fr-FR","@id":"https:\/\/trajectoires2030.setec.com\/#\/schema\/logo\/image\/","url":"https:\/\/trajectoires2030.setec.com\/wp-content\/uploads\/2026\/02\/cropped-logo.png","contentUrl":"https:\/\/trajectoires2030.setec.com\/wp-content\/uploads\/2026\/02\/cropped-logo.png","width":512,"height":512,"caption":"Setec"},"image":{"@id":"https:\/\/trajectoires2030.setec.com\/#\/schema\/logo\/image\/"},"sameAs":["https:\/\/www.facebook.com\/setecgroupe\/?locale=fr_FR","https:\/\/www.linkedin.com\/company\/setec","https:\/\/www.instagram.com\/groupesetec\/","https:\/\/www.youtube.com\/c\/Groupesetec"]}]}},"_links":{"self":[{"href":"https:\/\/trajectoires2030.setec.com\/en\/wp-json\/wp\/v2\/pages\/172","targetHints":{"allow":["GET"]}}],"collection":[{"href":"https:\/\/trajectoires2030.setec.com\/en\/wp-json\/wp\/v2\/pages"}],"about":[{"href":"https:\/\/trajectoires2030.setec.com\/en\/wp-json\/wp\/v2\/types\/page"}],"author":[{"embeddable":true,"href":"https:\/\/trajectoires2030.setec.com\/en\/wp-json\/wp\/v2\/users\/4"}],"replies":[{"embeddable":true,"href":"https:\/\/trajectoires2030.setec.com\/en\/wp-json\/wp\/v2\/comments?post=172"}],"version-history":[{"count":16,"href":"https:\/\/trajectoires2030.setec.com\/en\/wp-json\/wp\/v2\/pages\/172\/revisions"}],"predecessor-version":[{"id":259,"href":"https:\/\/trajectoires2030.setec.com\/en\/wp-json\/wp\/v2\/pages\/172\/revisions\/259"}],"wp:attachment":[{"href":"https:\/\/trajectoires2030.setec.com\/en\/wp-json\/wp\/v2\/media?parent=172"}],"curies":[{"name":"wp","href":"https:\/\/api.w.org\/{rel}","templated":true}]}}